{"id":23,"date":"2018-10-24T15:48:02","date_gmt":"2018-10-24T13:48:02","guid":{"rendered":"http:\/\/versailles-avenir-formation.org\/?page_id=23"},"modified":"2025-04-07T08:08:57","modified_gmt":"2025-04-07T06:08:57","slug":"nos-formations","status":"publish","type":"page","link":"https:\/\/versailles-avenir-formation.org\/?page_id=23","title":{"rendered":"Nos formations"},"content":{"rendered":"<ul style=\"list-style-type: square;\">\n<li><a href=\"http:\/\/www.leschataigniers.com\/\"><span style=\"text-decoration: underline;\"><span style=\"color: #993366; text-decoration: underline;\">Lyc\u00e9e Les Ch\u00e2taigniers<\/span><\/span><\/a>\n<ul style=\"list-style-type: disc;\">\n<li>CAP Petite enfance<\/li>\n<li>BAC PRO Accomp. Soins et Services \u00e0 la personne<\/li>\n<li>BAC Sciences et Technologie de la Sant\u00e9 et du Social<\/li>\n<\/ul>\n<\/li>\n<li><a href=\"http:\/\/www.nd-grandchamp.fr\/\"><span style=\"color: #993366;\"><span style=\"text-decoration: underline;\">Notre-Dame du Grandchamp<\/span><\/span><\/a>\n<ul style=\"list-style-type: circle;\">\n<li><em>Fili\u00e8re Commerce \/ Vente<\/em>\n<ul style=\"list-style-type: disc;\">\n<li>CAP Employ\u00e9 de Commerce multi-sp\u00e9cialit\u00e9s (Alternance)<\/li>\n<li>CAP Employ\u00e9 de Vente (Alternance)<\/li>\n<li>BAC PRO Commerce (Initiale et Alternance)<\/li>\n<li>BAC Sciences et Technologie du management et de la gestion (STMG*) Option Mercatique (Initiale)<\/li>\n<li>BTS Management des Unit\u00e9s Commerciales (Initiale et Alternance)<\/li>\n<li>BTS N\u00e9gociation et Digitalisation de la Relation Client (Alternance)<\/li>\n<li>BTS Commerce International (Initiale)<\/li>\n<li>Licence Gestion Commerciale CNAM (Alternance)<\/li>\n<li>Licence Etudes Europ\u00e9ennes et Internationales UVSQ (Initial)<\/li>\n<li>Master Marketing Commerce CNAM (Alternance)<\/li>\n<\/ul>\n<\/li>\n<li><em>Fili\u00e8re Comptabilit\u00e9 \/ Gestion \/ Finance<\/em>\n<ul style=\"list-style-type: disc;\">\n<li>BAC PRO Gestion Administration (Initiale)<\/li>\n<li>BAC STMG* Option Gestion &amp; Finance (Initiale)<\/li>\n<li>BTS Comptabilit\u00e9 Gestion (Initial)<\/li>\n<li>DCG Dipl\u00f4me de Comptabilit\u00e9 et de Gestion (Initiale et Alternance)<\/li>\n<li>DSCG Dipl\u00f4me Sup. de Comptabilit\u00e9 et de Gestion (Initiale et Alternance)<\/li>\n<\/ul>\n<\/li>\n<li><em>Fili\u00e8re Administration \/ RH<\/em>\n<ul style=\"list-style-type: disc;\">\n<li>BAC STMG* Option Ressources Humaines et Communication (Initial)<\/li>\n<li>BTS Support \u00e0 l&rsquo;Action Manag\u00e9riale (Alternance)<\/li>\n<li>BTS Gestion de la PME (Alternance)<\/li>\n<li>Licence Management des Organisations CNAM (Alternance)<\/li>\n<li>Licence Ressources Humaines CNAM (Alternance)<\/li>\n<\/ul>\n<\/li>\n<\/ul>\n<\/li>\n<li><a href=\"http:\/\/lycee.lpstvincent.org\/\"><span style=\"text-decoration: underline;\"><span style=\"color: #993366; text-decoration: underline;\">Lyc\u00e9e Saint Vincent de Paul<\/span><\/span><\/a>\n<ul style=\"list-style-type: disc;\">\n<li>3\u00e8me Pr\u00e9pa M\u00e9tiers<\/li>\n<li>CAP Employ\u00e9 de Commerce multi-sp\u00e9cialit\u00e9s<\/li>\n<li>BAC PRO Commerce<\/li>\n<li>BAC PRO Vente<\/li>\n<li>BAC PRO Accueil Relation Client\u00e8le et Usagers<\/li>\n<\/ul>\n<\/li>\n<\/ul>\n<p>Vous pouvez t\u00e9l\u00e9charger le PDF sur l&rsquo;ensemble des <a href=\"\/wp-content\/uploads\/Docs\/VAF_Formations_2019_2020.pdf\" target=\"_blank\" rel=\"noopener noreferrer\">formations de notre r\u00e9seau<\/a><\/p>\n","protected":false},"excerpt":{"rendered":"<p>Lyc\u00e9e Les Ch\u00e2taigniers CAP Petite enfance BAC PRO Accomp. Soins et Services \u00e0 la personne BAC Sciences et Technologie de la Sant\u00e9 et du Social Notre-Dame du Grandchamp Fili\u00e8re Commerce <a class=\"more-link\" href=\"https:\/\/versailles-avenir-formation.org\/?page_id=23\">Continue Reading &rarr;<\/a><\/p>\n","protected":false},"author":1,"featured_media":0,"parent":0,"menu_order":1,"comment_status":"closed","ping_status":"closed","template":"","meta":{"footnotes":""},"_links":{"self":[{"href":"https:\/\/versailles-avenir-formation.org\/index.php?rest_route=\/wp\/v2\/pages\/23"}],"collection":[{"href":"https:\/\/versailles-avenir-formation.org\/index.php?rest_route=\/wp\/v2\/pages"}],"about":[{"href":"https:\/\/versailles-avenir-formation.org\/index.php?rest_route=\/wp\/v2\/types\/page"}],"author":[{"embeddable":true,"href":"https:\/\/versailles-avenir-formation.org\/index.php?rest_route=\/wp\/v2\/users\/1"}],"replies":[{"embeddable":true,"href":"https:\/\/versailles-avenir-formation.org\/index.php?rest_route=%2Fwp%2Fv2%2Fcomments&post=23"}],"version-history":[{"count":17,"href":"https:\/\/versailles-avenir-formation.org\/index.php?rest_route=\/wp\/v2\/pages\/23\/revisions"}],"predecessor-version":[{"id":463,"href":"https:\/\/versailles-avenir-formation.org\/index.php?rest_route=\/wp\/v2\/pages\/23\/revisions\/463"}],"wp:attachment":[{"href":"https:\/\/versailles-avenir-formation.org\/index.php?rest_route=%2Fwp%2Fv2%2Fmedia&parent=23"}],"curies":[{"name":"wp","href":"https:\/\/api.w.org\/{rel}","templated":true}]}}