{"id":60,"date":"2018-10-25T08:42:05","date_gmt":"2018-10-25T06:42:05","guid":{"rendered":"http:\/\/versailles-avenir-formation.org\/?page_id=60"},"modified":"2025-04-07T08:11:43","modified_gmt":"2025-04-07T06:11:43","slug":"versez-votre-taxe","status":"publish","type":"page","link":"https:\/\/versailles-avenir-formation.org\/?page_id=60","title":{"rendered":"R\u00e9partissez votre Taxe d&rsquo;Apprentissage"},"content":{"rendered":"<div class=\"corps\">\n<ul style=\"list-style-type: circle;\">\n<li>Le solde (13%) de votre entreprise a \u00e9t\u00e9 pr\u00e9lev\u00e9 automatiquement par l\u2019URSAFF et transmis \u00e0 la Caisse des D\u00e9p\u00f4ts et consignation (CDC).<\/li>\n<\/ul>\n<p><img loading=\"lazy\" decoding=\"async\" class=\"aligncenter\" src=\"https:\/\/livee.com\/files\/cdc-novembre2022\/750271\/img\/cdc_logo.png\" alt=\"Logo client\" width=\"52\" height=\"53\" \/><\/p>\n<ul style=\"list-style-type: circle;\">\n<li>La CDC vous permet d\u2019acc\u00e9der \u00e0 <strong>une plateforme [<\/strong><b>SOLT\u00e9a]<\/b><strong>\u00a0pour indiquer \u00e0 qui vous souhaitez\u00a0<\/strong>verser la taxe d&rsquo;apprentissage\u00a0et <strong>choisir <\/strong><strong>les \u00e9tablissements de notre r\u00e9seau<\/strong>.<\/li>\n<\/ul>\n<p>1_ Avant d&rsquo;utiliser SOLT\u00e9a, vous devez avoir un compte sur :<\/p>\n<p><a href=\"https:\/\/www.net-entreprises.fr\/\" target=\"_blank\" rel=\"noopener\"><img loading=\"lazy\" decoding=\"async\" class=\"aligncenter wp-image-429 size-medium\" src=\"http:\/\/versailles-avenir-formation.org\/wp-content\/uploads\/2022\/12\/logo-net-entreprises-300x54.png\" alt=\"\" width=\"300\" height=\"54\" srcset=\"https:\/\/versailles-avenir-formation.org\/wp-content\/uploads\/2022\/12\/logo-net-entreprises-300x54.png 300w, https:\/\/versailles-avenir-formation.org\/wp-content\/uploads\/2022\/12\/logo-net-entreprises-1024x185.png 1024w, https:\/\/versailles-avenir-formation.org\/wp-content\/uploads\/2022\/12\/logo-net-entreprises-768x138.png 768w, https:\/\/versailles-avenir-formation.org\/wp-content\/uploads\/2022\/12\/logo-net-entreprises-1536x277.png 1536w, https:\/\/versailles-avenir-formation.org\/wp-content\/uploads\/2022\/12\/logo-net-entreprises.png 1920w\" sizes=\"(max-width: 300px) 100vw, 300px\" \/><\/a><\/p>\n<p>2_ Ensuite, vous pouvez acc\u00e9der \u00e0 la plateforme<\/p>\n<p><a href=\"https:\/\/www.soltea.education.gouv.fr\/espace-public\/\" target=\"_blank\" rel=\"noopener\"><img loading=\"lazy\" decoding=\"async\" class=\"aligncenter wp-image-428 size-medium\" src=\"http:\/\/versailles-avenir-formation.org\/wp-content\/uploads\/2022\/12\/Soltea-300x60.png\" alt=\"\" width=\"300\" height=\"60\" srcset=\"https:\/\/versailles-avenir-formation.org\/wp-content\/uploads\/2022\/12\/Soltea-300x60.png 300w, https:\/\/versailles-avenir-formation.org\/wp-content\/uploads\/2022\/12\/Soltea.png 566w\" sizes=\"(max-width: 300px) 100vw, 300px\" \/><\/a><\/p>\n<p><strong>NB : Nous vous indiquerons le lien vers l\u2019application <\/strong><strong>d\u00e8s sa parution.<\/strong><\/p>\n<p>3_ Vous aurez acc\u00e8s \u00e0 une base de donn\u00e9es nationale des \u00e9coles habilit\u00e9es o\u00f9 vous pourrez nous trouver :<\/p>\n<ul>\n<li style=\"list-style-type: none;\">\n<ul>\n<li style=\"list-style-type: none;\">\n<ul>\n<li style=\"list-style-type: none;\">\n<ul style=\"list-style-type: circle;\">\n<li><strong>Les Ch\u00e2taigniers\u00a0\u2013 UAI 0783293F<\/strong><\/li>\n<li><strong>St Vincent de Paul\u00a0\u2013 UAI 0783325R<\/strong><\/li>\n<li><strong>Notre-Dame du Grandchamp\u00a0\u2013 UAI 0783351U<\/strong><\/li>\n<\/ul>\n<\/li>\n<\/ul>\n<\/li>\n<\/ul>\n<\/li>\n<\/ul>\n<\/div>\n<div class=\"corps\"><em><strong><span style=\"color: #ff0000;\">Important :<\/span> Vous pourrez, d\u00e8s d\u00e9but juin, indiquer votre intention de versement de la Taxe d&rsquo;apprentissage<\/strong>. <\/em><\/div>\n<div class=\"corps\"><em><br \/><\/em>\n<p>Nous recevrons \u00e0 partir du 15 juillet les premiers versements de la part de la Caisse des D\u00e9p\u00f4ts et consignation.<\/p>\n<p>Vous souhaitez verser votre taxe d&rsquo;apprentissage 2025 au r\u00e9seau VAF, pour toute information, contactez nous : info (AT) versailles-avenir-formation.org<\/p>\n<\/div>\n\n\n<p><\/p>\n","protected":false},"excerpt":{"rendered":"<p>Le solde (13%) de votre entreprise a \u00e9t\u00e9 pr\u00e9lev\u00e9 automatiquement par l\u2019URSAFF et transmis \u00e0 la Caisse des D\u00e9p\u00f4ts et consignation (CDC). La CDC vous permet d\u2019acc\u00e9der \u00e0 une plateforme <a class=\"more-link\" href=\"https:\/\/versailles-avenir-formation.org\/?page_id=60\">Continue Reading &rarr;<\/a><\/p>\n","protected":false},"author":1,"featured_media":0,"parent":0,"menu_order":4,"comment_status":"closed","ping_status":"closed","template":"","meta":{"footnotes":""},"_links":{"self":[{"href":"https:\/\/versailles-avenir-formation.org\/index.php?rest_route=\/wp\/v2\/pages\/60"}],"collection":[{"href":"https:\/\/versailles-avenir-formation.org\/index.php?rest_route=\/wp\/v2\/pages"}],"about":[{"href":"https:\/\/versailles-avenir-formation.org\/index.php?rest_route=\/wp\/v2\/types\/page"}],"author":[{"embeddable":true,"href":"https:\/\/versailles-avenir-formation.org\/index.php?rest_route=\/wp\/v2\/users\/1"}],"replies":[{"embeddable":true,"href":"https:\/\/versailles-avenir-formation.org\/index.php?rest_route=%2Fwp%2Fv2%2Fcomments&post=60"}],"version-history":[{"count":56,"href":"https:\/\/versailles-avenir-formation.org\/index.php?rest_route=\/wp\/v2\/pages\/60\/revisions"}],"predecessor-version":[{"id":465,"href":"https:\/\/versailles-avenir-formation.org\/index.php?rest_route=\/wp\/v2\/pages\/60\/revisions\/465"}],"wp:attachment":[{"href":"https:\/\/versailles-avenir-formation.org\/index.php?rest_route=%2Fwp%2Fv2%2Fmedia&parent=60"}],"curies":[{"name":"wp","href":"https:\/\/api.w.org\/{rel}","templated":true}]}}